{"id":2,"date":"2025-08-13T10:48:48","date_gmt":"2025-08-13T08:48:48","guid":{"rendered":"http:\/\/localhost:8110\/?page_id=2"},"modified":"2025-08-14T10:21:08","modified_gmt":"2025-08-14T08:21:08","slug":"home","status":"publish","type":"page","link":"https:\/\/evogym.pro\/","title":{"rendered":"Strona g\u0142\u00f3wna"},"content":{"rendered":"\n<p>Edytuj &#8222;Sekcje strony&#8221;, aby zedytowa\u0107 stron\u0119 g\u0142\u00f3wn\u0105.<\/p>\n","protected":false},"excerpt":{"rendered":"<p>Edytuj &#8222;Sekcje strony&#8221;, aby zedytowa\u0107 stron\u0119 g\u0142\u00f3wn\u0105.<\/p>\n","protected":false},"author":1,"featured_media":0,"parent":0,"menu_order":0,"comment_status":"closed","ping_status":"closed","template":"","meta":{"footnotes":""},"class_list":["post-2","page","type-page","status-publish","hentry"],"_links":{"self":[{"href":"https:\/\/evogym.pro\/index.php?rest_route=\/wp\/v2\/pages\/2","targetHints":{"allow":["GET"]}}],"collection":[{"href":"https:\/\/evogym.pro\/index.php?rest_route=\/wp\/v2\/pages"}],"about":[{"href":"https:\/\/evogym.pro\/index.php?rest_route=\/wp\/v2\/types\/page"}],"author":[{"embeddable":true,"href":"https:\/\/evogym.pro\/index.php?rest_route=\/wp\/v2\/users\/1"}],"replies":[{"embeddable":true,"href":"https:\/\/evogym.pro\/index.php?rest_route=%2Fwp%2Fv2%2Fcomments&post=2"}],"version-history":[{"count":2,"href":"https:\/\/evogym.pro\/index.php?rest_route=\/wp\/v2\/pages\/2\/revisions"}],"predecessor-version":[{"id":51,"href":"https:\/\/evogym.pro\/index.php?rest_route=\/wp\/v2\/pages\/2\/revisions\/51"}],"wp:attachment":[{"href":"https:\/\/evogym.pro\/index.php?rest_route=%2Fwp%2Fv2%2Fmedia&parent=2"}],"curies":[{"name":"wp","href":"https:\/\/api.w.org\/{rel}","templated":true}]}}